{"id":5507,"date":"2025-01-17T08:58:31","date_gmt":"2025-01-17T13:58:31","guid":{"rendered":"https:\/\/zmartests.com\/en\/?page_id=5507"},"modified":"2026-03-23T11:52:56","modified_gmt":"2026-03-23T15:52:56","slug":"passer-un-test","status":"publish","type":"page","link":"https:\/\/zmartests.com\/fr\/passer-un-test\/","title":{"rendered":"Passer un test"},"content":{"rendered":"\n<div class=\"wp-block-group ghostkit-custom-Z2wkXO4\"><div class=\"wp-block-group__inner-container is-layout-constrained wp-block-group-is-layout-constrained\">\n<div class=\"ghostkit-grid ghostkit-grid-gap-md\"><div class=\"ghostkit-grid-inner\">\n<div class=\"ghostkit-col ghostkit-col-12\"><div class=\"ghostkit-col-content is-layout-flow wp-block-ghostkit-grid-column-is-layout-flow\">\n<h1 class=\"wp-block-heading has-text-align-center ghostkit-custom-ZYNGWt\" id=\"vous-devez-completer-un-test\">Vous devez compl\u00e9ter un test? <\/h1>\n\n\n\n<p class=\"has-text-align-center wp-block-paragraph\" style=\"font-size:20px\">Bienvenue sur le site de Zmartests. Si vous \u00eates un candidat qui avez re\u00e7u une demande pour compl\u00e9ter un test, vous \u00eates au bon endroit. Vous vous demandez peut-\u00eatre quelles sont les \u00e9tapes \u00e0 suivre pour commencer. Pas d\u2019inqui\u00e9tude, nous sommes l\u00e0 pour vous guider! Zmartests est une plateforme web pour passer facilement et rapidement des tests d\u2019aptitudes demand\u00e9s par les recruteurs. Simple, efficace et conviviale, la plateforme vous offre une exp\u00e9rience fluide pour mettre en avant vos comp\u00e9tences.<\/p>\n<\/div><\/div>\n<\/div><\/div>\n<\/div><\/div>\n\n\n\n<div class=\"wp-block-group\"><div class=\"wp-block-group__inner-container is-layout-constrained wp-block-group-is-layout-constrained\">\n<div class=\"ghostkit-grid ghostkit-grid-gap-no\"><div class=\"ghostkit-grid-inner\">\n<div class=\"ghostkit-col ghostkit-col-md-12 ghostkit-col-6 ghostkit-col-sticky-top ghostkit-custom-1mFuOp\"><div class=\"ghostkit-col-content is-layout-flow wp-block-ghostkit-grid-column-is-layout-flow\">\n<h2 id=\"suivez-ces-etapes\" class=\"wp-block-heading has-primary-500-color has-text-color has-link-color wp-elements-401865291c9cb3e04892a5ebab65d82e\" style=\"font-size:42px\">Suivez ces \u00e9tapes&#8230;<\/h2>\n\n\n\n<p class=\"wp-block-paragraph\" style=\"font-size:20px\"><\/p>\n\n\n\n<ol style=\"font-size:18px\" class=\"wp-block-list is-style-styled has-custom-size\">\n<li style=\"font-size:20px\">Ouvrez le courriel d&rsquo;invitation et cliquez sur le lien. <\/li>\n\n\n\n<li style=\"font-size:20px\">Optionnel : Si le lien n\u2019est pas cliquable, copiez-le et collez-le dans la barre d\u2019adresse de votre navigateur.<\/li>\n\n\n\n<li style=\"font-size:20px\">Une v\u00e9rification confirme que votre appareil et votre navigateur r\u00e9pondent aux exigences techniques minimales pour compl\u00e9ter le test.<\/li>\n\n\n\n<li style=\"font-size:20px\">La page d&rsquo;identification vous permet de confirmer vos donn\u00e9es personnelles et vos pr\u00e9f\u00e9rences.<\/li>\n\n\n\n<li style=\"font-size:20px\">La page des instructions pr\u00e9sente les consignes du test que vous \u00eates sur le point de commencer.<\/li>\n\n\n\n<li style=\"font-size:20px\">Cliquez sur le bouton \u201cD\u00e9buter\u201d et voil\u00e0!<\/li>\n<\/ol>\n<\/div><\/div>\n\n\n\n<div class=\"ghostkit-col ghostkit-col-md-12 ghostkit-col-6 ghostkit-col-order ghostkit-col-align-self-end\"><div class=\"ghostkit-col-content is-layout-flow wp-block-ghostkit-grid-column-is-layout-flow\">\n<figure class=\"wp-block-image size-large\"><img data-recalc-dims=\"1\" loading=\"lazy\" decoding=\"async\" width=\"580\" height=\"580\" src=\"https:\/\/i0.wp.com\/zmartests.com\/wp-content\/uploads\/2025\/01\/candidate_passer-test-2-fr-3.png?resize=580%2C580&#038;ssl=1\" alt=\"Candidate compl\u00e8te un test Zmartests\" class=\"wp-image-5651\" srcset=\"https:\/\/i0.wp.com\/zmartests.com\/wp-content\/uploads\/2025\/01\/candidate_passer-test-2-fr-3.png?resize=1024%2C1024&amp;ssl=1 1024w, https:\/\/i0.wp.com\/zmartests.com\/wp-content\/uploads\/2025\/01\/candidate_passer-test-2-fr-3.png?resize=300%2C300&amp;ssl=1 300w, https:\/\/i0.wp.com\/zmartests.com\/wp-content\/uploads\/2025\/01\/candidate_passer-test-2-fr-3.png?resize=150%2C150&amp;ssl=1 150w, https:\/\/i0.wp.com\/zmartests.com\/wp-content\/uploads\/2025\/01\/candidate_passer-test-2-fr-3.png?resize=768%2C768&amp;ssl=1 768w, https:\/\/i0.wp.com\/zmartests.com\/wp-content\/uploads\/2025\/01\/candidate_passer-test-2-fr-3.png?resize=1536%2C1536&amp;ssl=1 1536w, https:\/\/i0.wp.com\/zmartests.com\/wp-content\/uploads\/2025\/01\/candidate_passer-test-2-fr-3.png?resize=1200%2C1200&amp;ssl=1 1200w, https:\/\/i0.wp.com\/zmartests.com\/wp-content\/uploads\/2025\/01\/candidate_passer-test-2-fr-3.png?resize=800%2C800&amp;ssl=1 800w, https:\/\/i0.wp.com\/zmartests.com\/wp-content\/uploads\/2025\/01\/candidate_passer-test-2-fr-3.png?resize=600%2C600&amp;ssl=1 600w, https:\/\/i0.wp.com\/zmartests.com\/wp-content\/uploads\/2025\/01\/candidate_passer-test-2-fr-3.png?resize=400%2C400&amp;ssl=1 400w, https:\/\/i0.wp.com\/zmartests.com\/wp-content\/uploads\/2025\/01\/candidate_passer-test-2-fr-3.png?resize=200%2C200&amp;ssl=1 200w, https:\/\/i0.wp.com\/zmartests.com\/wp-content\/uploads\/2025\/01\/candidate_passer-test-2-fr-3.png?resize=1980%2C1980&amp;ssl=1 1980w, https:\/\/i0.wp.com\/zmartests.com\/wp-content\/uploads\/2025\/01\/candidate_passer-test-2-fr-3.png?w=2000&amp;ssl=1 2000w, https:\/\/i0.wp.com\/zmartests.com\/wp-content\/uploads\/2025\/01\/candidate_passer-test-2-fr-3.png?w=1740&amp;ssl=1 1740w\" sizes=\"auto, (max-width: 580px) 100vw, 580px\" \/><\/figure>\n<\/div><\/div>\n<\/div><\/div>\n<\/div><\/div>\n\n\n\n<div class=\"wp-block-group\"><div class=\"wp-block-group__inner-container is-layout-constrained wp-block-group-is-layout-constrained\">\n<div class=\"ghostkit-grid ghostkit-grid-gap-md\"><div class=\"ghostkit-grid-inner\">\n<div class=\"ghostkit-col ghostkit-col-12 ghostkit-col-sticky-top ghostkit-custom-Z1UUtXg\"><div class=\"ghostkit-col-content is-layout-flow wp-block-ghostkit-grid-column-is-layout-flow\">\n<h2 id=\"conseils-essentiels-pour-reussir-votre-test-en-ligne\" class=\"wp-block-heading\" style=\"font-size:42px\">Conseils essentiels pour r\u00e9ussir votre test en ligne<\/h2>\n\n\n\n<p class=\"wp-block-paragraph\" style=\"font-size:20px\">Les tests Zmartests sont simples et intuitifs \u00e0 naviguer. <\/p>\n\n\n\n<p class=\"wp-block-paragraph\" style=\"font-size:20px\">Voici quelques conseils pour garantir une exp\u00e9rience optimale :<\/p>\n<\/div><\/div>\n<\/div><\/div>\n\n\n\n<div class=\"ghostkit-grid ghostkit-grid-gap-md ghostkit-custom-1zyzhM\"><div class=\"ghostkit-grid-inner\">\n<div class=\"ghostkit-col ghostkit-col-md-12 ghostkit-col-6\"><div class=\"ghostkit-col-content is-layout-flow wp-block-ghostkit-grid-column-is-layout-flow\">\n<p class=\"wp-block-paragraph\" style=\"font-size:24px\"><span class=\"ghostkit-badge\">Avant de commencer le test<\/span><\/p>\n\n\n\n<ul class=\"wp-block-list is-style-icon lead has-gray-800-color has-text-color has-gray-800-color\">\n<li><strong>V\u00e9rifiez vos \u00e9quipements<\/strong> : Assurez-vous que votre ordinateur, microphone (si n\u00e9cessaire), et connexion Internet fonctionnent correctement.<\/li>\n<\/ul>\n\n\n\n<ul class=\"wp-block-list is-style-icon lead has-gray-800-color has-text-color has-gray-800-color\">\n<li><strong>Utilisez un navigateur compatible<\/strong> : Vous devez utiliser une version \u00e0 jour de Google Chrome ou Microsoft Edge.<\/li>\n<\/ul>\n\n\n\n<ul class=\"wp-block-list is-style-icon lead has-gray-800-color has-text-color has-gray-800-color\">\n<li><strong>Choisissez un endroit appropri\u00e9<\/strong> : Installez-vous dans un espace calme, bien \u00e9clair\u00e9, sans interruptions ni distractions.<\/li>\n<\/ul>\n\n\n\n<ul class=\"wp-block-list is-style-icon lead has-gray-800-color has-text-color has-gray-800-color\">\n<li><strong>Planifiez du temps suffisant <\/strong>: Pr\u00e9parez-vous \u00e0 consacrer entre 30 et 60 minutes pour compl\u00e9ter le test.<\/li>\n<\/ul>\n<\/div><\/div>\n\n\n\n<div class=\"ghostkit-col ghostkit-col-md-12 ghostkit-col-6\"><div class=\"ghostkit-col-content is-layout-flow wp-block-ghostkit-grid-column-is-layout-flow\">\n<p class=\"wp-block-paragraph\" style=\"font-size:24px\"><span class=\"ghostkit-badge\">Pendant le test<\/span><\/p>\n\n\n\n<ul class=\"wp-block-list is-style-icon lead has-gray-800-color has-text-color has-gray-800-color\">\n<li><strong>En cas de probl\u00e8me avec la plateforme <\/strong>: Vous pouvez cliquer sur le bouton \u00ab\u00a0Assistance\u00a0\u00bb pour joindre l\u2019\u00e9quipe de support Zmartests.<\/li>\n\n\n\n<li><strong>Suivez les instructions :<\/strong> Lisez attentivement chaque consigne avant de d\u00e9buter un test.<\/li>\n\n\n\n<li><strong>Respectez le temps:<\/strong> Une fois le test commenc\u00e9, gardez un \u0153il sur le chronom\u00e8tre int\u00e9gr\u00e9 pour bien g\u00e9rer votre temps.<\/li>\n\n\n\n<li><strong>Restez dans l&rsquo;interface du test :<\/strong> \u00c9vitez de changer d&rsquo;onglet ou de fen\u00eatre, car cela pourrait \u00eatre interpr\u00e9t\u00e9 comme une tentative de tricherie.<\/li>\n<\/ul>\n<\/div><\/div>\n<\/div><\/div>\n<\/div><\/div>\n\n\n\n<div class=\"wp-block-group ghostkit-custom-4Ak1h\"><div class=\"wp-block-group__inner-container is-layout-constrained wp-block-group-is-layout-constrained\">\n<div class=\"ghostkit-grid ghostkit-grid-gap-md\"><div class=\"ghostkit-grid-inner\">\n<div class=\"ghostkit-col ghostkit-col-12\"><div class=\"ghostkit-col-content is-layout-flow wp-block-ghostkit-grid-column-is-layout-flow\">\n<h6 class=\"wp-block-heading has-text-align-center ghostkit-custom-Zf2coc has-gray-900-color has-text-color has-link-color wp-elements-642c7a84547a84e30531802cfd015b4c\" id=\"bon-succes-pour-la-realisation-de-votre-test\" style=\"font-size:20px\">Bon succ\u00e8s pour la r\u00e9alisation de votre test !<\/h6>\n<\/div><\/div>\n<\/div><\/div>\n<\/div><\/div>\n\n\n\n<div class=\"wp-block-group alignfull ghostkit-has-frame ghostkit-custom-1cXsXk has-white-background-color has-background\"><div class=\"wp-block-group__inner-container is-layout-constrained wp-block-group-is-layout-constrained\">\n<div class=\"alignwide ghostkit-grid ghostkit-grid-gap-md ghostkit-grid-align-items-center ghostkit-grid-justify-content-center\"><div class=\"ghostkit-grid-inner\">\n<div class=\"ghostkit-col ghostkit-col-md-12 ghostkit-col-12 ghostkit-col-align-self-center\"><div class=\"ghostkit-col-content is-layout-flow wp-block-ghostkit-grid-column-is-layout-flow\">\n<h2 class=\"wp-block-heading has-text-align-center ghostkit-custom-hQUQG\" id=\"vous-avez-d-autres-questions-1\">Vous avez d&rsquo;autres questions?<\/h2>\n\n\n\n<p class=\"has-text-align-center lead ghostkit-custom-1sJdUQ has-gray-800-color has-text-color wp-block-paragraph\">Si vous avez des questions concernant les invitations, les d\u00e9lais pour compl\u00e9ter vos tests ou l\u2019acc\u00e8s \u00e0 vos r\u00e9sultats, nous vous invitons \u00e0 contacter directement l\u2019administrateur du test. L\u2019\u00e9quipe Zmartests ne dispose pas des informations relatives aux processus de recrutement de ses clients et n\u2019est pas autoris\u00e9e \u00e0 communiquer des d\u00e9tails sur les tests.<\/p>\n\n\n\n<p class=\"wp-block-paragraph\"><\/p>\n\n\n\n<div class=\"ghostkit-button-wrapper ghostkit-button-wrapper-gap-custom ghostkit-button-wrapper-align-center ghostkit-custom-ZQqTCD editorskit-no-desktop editorskit-no-tablet editorskit-no-mobile\"><div class=\"ghostkit-button-wrapper-inner\">\n<a class=\"ghostkit-button ghostkit-button-md ghostkit-custom-ZGdlRO\" href=\"\/fr\/forfait\/\"><span class=\"ghostkit-button-text\">Ouvrir un compte recruteur<\/span><\/a>\n\n\n\n<a class=\"ghostkit-button ghostkit-button-md ghostkit-custom-2uLVgY\" href=\"https:\/\/app.zmartests.com\/fr\/Security\/loginForm\" target=\"_blank\" rel=\"noreferrer noopener\"><span class=\"ghostkit-button-text\">Acc\u00e9der au portail recruteur<\/span><\/a>\n<\/div><\/div>\n<\/div><\/div>\n<\/div><\/div>\n<\/div><\/div>\n\n\n\n<p class=\"wp-block-paragraph\"><\/p>\n","protected":false},"excerpt":{"rendered":"<p>Vous devez compl\u00e9ter un test? Bienvenue sur le site de Zmartests. Si vous \u00eates un candidat qui avez re\u00e7u une demande pour compl\u00e9ter un test, vous \u00eates au bon endroit. Vous vous demandez peut-\u00eatre quelles sont les \u00e9tapes \u00e0 suivre pour commencer. Pas d\u2019inqui\u00e9tude, nous sommes l\u00e0 pour vous guider! Zmartests est une plateforme web [&hellip;]<\/p>\n","protected":false},"author":8,"featured_media":0,"parent":0,"menu_order":0,"comment_status":"closed","ping_status":"closed","template":"","meta":{"_acf_changed":false,"_editorskit_title_hidden":false,"_editorskit_reading_time":0,"_editorskit_is_block_options_detached":false,"_editorskit_block_options_position":"{}","_crdt_document":"","content-type":"","inline_featured_image":false,"ghostkit_customizer_options":"","ghostkit_custom_css":"","ghostkit_custom_js_head":"","ghostkit_custom_js_foot":"","ghostkit_typography":"","footnotes":""},"class_list":["post-5507","page","type-page","status-publish","hentry"],"acf":[],"yoast_head":"<title>Passer un test | Zmartests<\/title>\n<meta name=\"robots\" content=\"index, follow, max-snippet:-1, max-image-preview:large, max-video-preview:-1\" \/>\n<link rel=\"canonical\" href=\"https:\/\/zmartests.com\/fr\/passer-un-test\/\" \/>\n<meta property=\"og:type\" content=\"article\" \/>\n<meta property=\"og:title\" content=\"Passer un test | Zmartests\" \/>\n<meta property=\"og:description\" content=\"Vous devez compl\u00e9ter un test? Bienvenue sur le site de Zmartests. Si vous \u00eates un candidat qui avez re\u00e7u une demande pour compl\u00e9ter un test, vous \u00eates au bon endroit. Vous vous demandez peut-\u00eatre quelles sont les \u00e9tapes \u00e0 suivre pour commencer. Pas d\u2019inqui\u00e9tude, nous sommes l\u00e0 pour vous guider! Zmartests est une plateforme web [&hellip;]\" \/>\n<meta property=\"og:url\" content=\"https:\/\/zmartests.com\/fr\/passer-un-test\/\" \/>\n<meta property=\"og:site_name\" content=\"Zmartests\" \/>\n<meta property=\"article:publisher\" content=\"https:\/\/www.facebook.com\/zmartests\/\" \/>\n<meta property=\"article:modified_time\" content=\"2026-03-23T15:52:56+00:00\" \/>\n<meta property=\"og:image\" content=\"https:\/\/zmartests.com\/wp-content\/uploads\/2025\/01\/candidate_passer-test-2-fr-3-1024x1024.png\" \/>\n<meta name=\"twitter:card\" content=\"summary_large_image\" \/>\n<meta name=\"twitter:label1\" content=\"Estimation du temps de lecture\" \/>\n\t<meta name=\"twitter:data1\" content=\"3 minutes\" \/>\n<script type=\"application\/ld+json\" class=\"yoast-schema-graph\">{\"@context\":\"https:\/\/schema.org\",\"@graph\":[{\"@type\":\"WebPage\",\"@id\":\"https:\/\/zmartests.com\/fr\/passer-un-test\/\",\"url\":\"https:\/\/zmartests.com\/fr\/passer-un-test\/\",\"name\":\"Passer un test | Zmartests\",\"isPartOf\":{\"@id\":\"https:\/\/zmartests.com\/fr\/en\/#website\"},\"primaryImageOfPage\":{\"@id\":\"https:\/\/zmartests.com\/fr\/passer-un-test\/#primaryimage\"},\"image\":{\"@id\":\"https:\/\/zmartests.com\/fr\/passer-un-test\/#primaryimage\"},\"thumbnailUrl\":\"https:\/\/zmartests.com\/wp-content\/uploads\/2025\/01\/candidate_passer-test-2-fr-3-1024x1024.png\",\"datePublished\":\"2025-01-17T13:58:31+00:00\",\"dateModified\":\"2026-03-23T15:52:56+00:00\",\"breadcrumb\":{\"@id\":\"https:\/\/zmartests.com\/fr\/passer-un-test\/#breadcrumb\"},\"inLanguage\":\"fr-CA\",\"potentialAction\":[{\"@type\":\"ReadAction\",\"target\":[\"https:\/\/zmartests.com\/fr\/passer-un-test\/\"]}]},{\"@type\":\"ImageObject\",\"inLanguage\":\"fr-CA\",\"@id\":\"https:\/\/zmartests.com\/fr\/passer-un-test\/#primaryimage\",\"url\":\"https:\/\/zmartests.com\/wp-content\/uploads\/2025\/01\/candidate_passer-test-2-fr-3-1024x1024.png\",\"contentUrl\":\"https:\/\/zmartests.com\/wp-content\/uploads\/2025\/01\/candidate_passer-test-2-fr-3-1024x1024.png\"},{\"@type\":\"BreadcrumbList\",\"@id\":\"https:\/\/zmartests.com\/fr\/passer-un-test\/#breadcrumb\",\"itemListElement\":[{\"@type\":\"ListItem\",\"position\":1,\"name\":\"Home\",\"item\":\"https:\/\/zmartests.com\/fr\/\"},{\"@type\":\"ListItem\",\"position\":2,\"name\":\"Passer un test\"}]},{\"@type\":\"WebSite\",\"@id\":\"https:\/\/zmartests.com\/fr\/en\/#website\",\"url\":\"https:\/\/zmartests.com\/fr\/en\/\",\"name\":\"Zmartests\",\"description\":\"\",\"publisher\":{\"@id\":\"https:\/\/zmartests.com\/fr\/en\/#organization\"},\"potentialAction\":[{\"@type\":\"SearchAction\",\"target\":{\"@type\":\"EntryPoint\",\"urlTemplate\":\"https:\/\/zmartests.com\/fr\/en\/?s={search_term_string}\"},\"query-input\":{\"@type\":\"PropertyValueSpecification\",\"valueRequired\":true,\"valueName\":\"search_term_string\"}}],\"inLanguage\":\"fr-CA\"},{\"@type\":\"Organization\",\"@id\":\"https:\/\/zmartests.com\/fr\/en\/#organization\",\"name\":\"Zmartests\",\"url\":\"https:\/\/zmartests.com\/fr\/en\/\",\"logo\":{\"@type\":\"ImageObject\",\"inLanguage\":\"fr-CA\",\"@id\":\"https:\/\/zmartests.com\/fr\/en\/#\/schema\/logo\/image\/\",\"url\":\"https:\/\/zmartests.com\/wp-content\/uploads\/2023\/06\/zmartests_logo_svg.svg\",\"contentUrl\":\"https:\/\/zmartests.com\/wp-content\/uploads\/2023\/06\/zmartests_logo_svg.svg\",\"width\":216,\"height\":53,\"caption\":\"Zmartests\"},\"image\":{\"@id\":\"https:\/\/zmartests.com\/fr\/en\/#\/schema\/logo\/image\/\"},\"sameAs\":[\"https:\/\/www.facebook.com\/zmartests\/\",\"https:\/\/www.linkedin.com\/company\/zmartests\/\"]}]}<\/script>","yoast_head_json":{"title":"Passer un test | Zmartests","robots":{"index":"index","follow":"follow","max-snippet":"max-snippet:-1","max-image-preview":"max-image-preview:large","max-video-preview":"max-video-preview:-1"},"canonical":"https:\/\/zmartests.com\/fr\/passer-un-test\/","og_type":"article","og_title":"Passer un test | Zmartests","og_description":"Vous devez compl\u00e9ter un test? Bienvenue sur le site de Zmartests. Si vous \u00eates un candidat qui avez re\u00e7u une demande pour compl\u00e9ter un test, vous \u00eates au bon endroit. Vous vous demandez peut-\u00eatre quelles sont les \u00e9tapes \u00e0 suivre pour commencer. Pas d\u2019inqui\u00e9tude, nous sommes l\u00e0 pour vous guider! Zmartests est une plateforme web [&hellip;]","og_url":"https:\/\/zmartests.com\/fr\/passer-un-test\/","og_site_name":"Zmartests","article_publisher":"https:\/\/www.facebook.com\/zmartests\/","article_modified_time":"2026-03-23T15:52:56+00:00","og_image":[{"url":"https:\/\/zmartests.com\/wp-content\/uploads\/2025\/01\/candidate_passer-test-2-fr-3-1024x1024.png","type":"","width":"","height":""}],"twitter_card":"summary_large_image","twitter_misc":{"Estimation du temps de lecture":"3 minutes"},"schema":{"@context":"https:\/\/schema.org","@graph":[{"@type":"WebPage","@id":"https:\/\/zmartests.com\/fr\/passer-un-test\/","url":"https:\/\/zmartests.com\/fr\/passer-un-test\/","name":"Passer un test | Zmartests","isPartOf":{"@id":"https:\/\/zmartests.com\/fr\/en\/#website"},"primaryImageOfPage":{"@id":"https:\/\/zmartests.com\/fr\/passer-un-test\/#primaryimage"},"image":{"@id":"https:\/\/zmartests.com\/fr\/passer-un-test\/#primaryimage"},"thumbnailUrl":"https:\/\/zmartests.com\/wp-content\/uploads\/2025\/01\/candidate_passer-test-2-fr-3-1024x1024.png","datePublished":"2025-01-17T13:58:31+00:00","dateModified":"2026-03-23T15:52:56+00:00","breadcrumb":{"@id":"https:\/\/zmartests.com\/fr\/passer-un-test\/#breadcrumb"},"inLanguage":"fr-CA","potentialAction":[{"@type":"ReadAction","target":["https:\/\/zmartests.com\/fr\/passer-un-test\/"]}]},{"@type":"ImageObject","inLanguage":"fr-CA","@id":"https:\/\/zmartests.com\/fr\/passer-un-test\/#primaryimage","url":"https:\/\/zmartests.com\/wp-content\/uploads\/2025\/01\/candidate_passer-test-2-fr-3-1024x1024.png","contentUrl":"https:\/\/zmartests.com\/wp-content\/uploads\/2025\/01\/candidate_passer-test-2-fr-3-1024x1024.png"},{"@type":"BreadcrumbList","@id":"https:\/\/zmartests.com\/fr\/passer-un-test\/#breadcrumb","itemListElement":[{"@type":"ListItem","position":1,"name":"Home","item":"https:\/\/zmartests.com\/fr\/"},{"@type":"ListItem","position":2,"name":"Passer un test"}]},{"@type":"WebSite","@id":"https:\/\/zmartests.com\/fr\/en\/#website","url":"https:\/\/zmartests.com\/fr\/en\/","name":"Zmartests","description":"","publisher":{"@id":"https:\/\/zmartests.com\/fr\/en\/#organization"},"potentialAction":[{"@type":"SearchAction","target":{"@type":"EntryPoint","urlTemplate":"https:\/\/zmartests.com\/fr\/en\/?s={search_term_string}"},"query-input":{"@type":"PropertyValueSpecification","valueRequired":true,"valueName":"search_term_string"}}],"inLanguage":"fr-CA"},{"@type":"Organization","@id":"https:\/\/zmartests.com\/fr\/en\/#organization","name":"Zmartests","url":"https:\/\/zmartests.com\/fr\/en\/","logo":{"@type":"ImageObject","inLanguage":"fr-CA","@id":"https:\/\/zmartests.com\/fr\/en\/#\/schema\/logo\/image\/","url":"https:\/\/zmartests.com\/wp-content\/uploads\/2023\/06\/zmartests_logo_svg.svg","contentUrl":"https:\/\/zmartests.com\/wp-content\/uploads\/2023\/06\/zmartests_logo_svg.svg","width":216,"height":53,"caption":"Zmartests"},"image":{"@id":"https:\/\/zmartests.com\/fr\/en\/#\/schema\/logo\/image\/"},"sameAs":["https:\/\/www.facebook.com\/zmartests\/","https:\/\/www.linkedin.com\/company\/zmartests\/"]}]}},"jetpack_shortlink":"https:\/\/wp.me\/Pg8ImK-1qP","_links":{"self":[{"href":"https:\/\/zmartests.com\/fr\/wp-json\/wp\/v2\/pages\/5507","targetHints":{"allow":["GET"]}}],"collection":[{"href":"https:\/\/zmartests.com\/fr\/wp-json\/wp\/v2\/pages"}],"about":[{"href":"https:\/\/zmartests.com\/fr\/wp-json\/wp\/v2\/types\/page"}],"author":[{"embeddable":true,"href":"https:\/\/zmartests.com\/fr\/wp-json\/wp\/v2\/users\/8"}],"replies":[{"embeddable":true,"href":"https:\/\/zmartests.com\/fr\/wp-json\/wp\/v2\/comments?post=5507"}],"version-history":[{"count":99,"href":"https:\/\/zmartests.com\/fr\/wp-json\/wp\/v2\/pages\/5507\/revisions"}],"predecessor-version":[{"id":8152,"href":"https:\/\/zmartests.com\/fr\/wp-json\/wp\/v2\/pages\/5507\/revisions\/8152"}],"wp:attachment":[{"href":"https:\/\/zmartests.com\/fr\/wp-json\/wp\/v2\/media?parent=5507"}],"curies":[{"name":"wp","href":"https:\/\/api.w.org\/{rel}","templated":true}]}}