{"id":1567,"date":"2023-04-24T09:25:02","date_gmt":"2023-04-24T13:25:02","guid":{"rendered":"https:\/\/zmartests.com\/en\/fr\/?page_id=1567"},"modified":"2026-03-23T12:50:49","modified_gmt":"2026-03-23T16:50:49","slug":"a-propos","status":"publish","type":"page","link":"https:\/\/zmartests.com\/fr\/a-propos\/","title":{"rendered":"\u00c0 propos"},"content":{"rendered":"\n<div class=\"wp-block-group alignfull ghostkit-custom-1LCDrq has-white-background-color has-background\"><div class=\"wp-block-group__inner-container is-layout-constrained wp-block-group-is-layout-constrained\">\n<div class=\"alignwide ghostkit-grid ghostkit-grid-gap-no ghostkit-grid-justify-content-center ghostkit-custom-Z1Rit27\"><div class=\"ghostkit-grid-inner\">\n<div class=\"ghostkit-col ghostkit-col-lg-12 ghostkit-col-8\"><div class=\"ghostkit-col-content is-layout-flow wp-block-ghostkit-grid-column-is-layout-flow\">\n<h1 class=\"wp-block-heading has-text-align-center ghostkit-custom-15KGaG has-gray-900-color has-text-color\" id=\"a-propos-de-zmartests\">\u00c0 propos de Zmartests<\/h1>\n<\/div><\/div>\n<\/div><\/div>\n\n\n\n<div class=\"alignwide ghostkit-grid ghostkit-grid-gap-no ghostkit-grid-align-items-center ghostkit-custom-Z1AAhmw\"><div class=\"ghostkit-grid-inner\">\n<div class=\"ghostkit-col ghostkit-col-md-12 ghostkit-col-9\"><div class=\"ghostkit-col-content is-layout-flow wp-block-ghostkit-grid-column-is-layout-flow\">\n<h2 class=\"wp-block-heading alignfull ghostkit-custom-ZKzSa8 has-gray-900-color has-text-color\" id=\"notre-mission\">Notre mission :<\/h2>\n\n\n\n<h2 class=\"wp-block-heading alignfull ghostkit-custom-Z1y8ucP has-gray-900-color has-text-color\" id=\"notre-mission\">Faire fi du hasard et am\u00e9liorer vos d\u00e9cisions d\u2019embauche.<\/h2>\n<\/div><\/div>\n<\/div><\/div>\n\n\n\n<div class=\"alignwide ghostkit-grid ghostkit-grid-gap-md ghostkit-custom-ZHGl23\"><div class=\"ghostkit-grid-inner\">\n<div class=\"ghostkit-col ghostkit-col-md-12 ghostkit-col-6\"><div class=\"ghostkit-col-content is-layout-flow wp-block-ghostkit-grid-column-is-layout-flow\">\n<p class=\"lead has-gray-800-color has-text-color wp-block-paragraph\">Chez Zmartests, nous avons pour mission de rendre l&#8217;\u00e9valuation des comp\u00e9tences techniques accessibles aux organisations de tous les secteurs et de toutes les tailles, gr\u00e2ce \u00e0 l&#8217;utilisation de technologies innovantes. Cette mission, c\u2019est Johanne Dumas, fondatrice de Zmartests qui la porte depuis pr\u00e8s d&#8217;une d\u00e9cennie.<\/p>\n\n\n\n<p class=\"lead has-gray-800-color has-text-color wp-block-paragraph\">Active dans le milieu des logiciels RH depuis plus de 20 ans, Johanne a particip\u00e9 \u00e0 des projets d&#8217;optimisation du processus d&#8217;acquisition de talents de plusieurs soci\u00e9t\u00e9s canadiennes. Dans ses fonctions, elle identifie le besoin pour une solution multilingue d&#8217;\u00e9valuation des comp\u00e9tences techniques et cherche une plateforme moderne, avec simulations r\u00e9elles pour tester les <a href=\"https:\/\/zmartests.com\/fr\/tests-de-competences\/\" class=\"ek-link\">comp\u00e9tences Microsoft Office<\/a>. En vain.<\/p>\n\n\n\n<p class=\"lead has-gray-800-color has-text-color wp-block-paragraph\">Avec sa fougue et son esprit entrepreneurial, c\u2019est en 2017 qu\u2019elle lance avec grand succ\u00e8s Zmartests, solution immersive d\u2019\u00e9valuation des comp\u00e9tences Microsoft Office. Mais pour r\u00e9ussir, il est primordial pour Johanne de b\u00e2tir la solution sur une rigueur scientifique qui offre des benchmarks valides et justifiables.<\/p>\n<\/div><\/div>\n\n\n\n<div class=\"ghostkit-col ghostkit-col-md-12 ghostkit-col-6\"><div class=\"ghostkit-col-content is-layout-flow wp-block-ghostkit-grid-column-is-layout-flow\">\n<p class=\"lead has-gray-800-color has-text-color wp-block-paragraph\">R\u00e9pondant tout d\u2019abord et avec succ\u00e8s aux besoins du r\u00e9seau de la sant\u00e9 du Qu\u00e9bec, la simplicit\u00e9 d\u2019utilisation de la plateforme et la fiabilit\u00e9 des tests ont s\u00e9duit de plus en plus d&#8217;organisations qui souhaitaient simplifier leur processus d\u2019embauche. Aujourd\u2019hui, Zmartests c\u2019est plus de 500 000 tests r\u00e9alis\u00e9s et 10 millions d\u2019exercices compil\u00e9s, dans plus d\u2019une trentaine de diff\u00e9rents secteurs d\u2019activit\u00e9s. Et une position de leader dans le march\u00e9 canadien francophone.<\/p>\n\n\n\n<p class=\"lead has-gray-800-color has-text-color wp-block-paragraph\">Reconnues par les organismes publics ou parapublics (sant\u00e9, \u00e9ducation, municipal) du Qu\u00e9bec et de l\u2019Ontario, Johanne et son \u00e9quipe continuent avec passion de pousser les limites de la technologie pour offrir la meilleure exp\u00e9rience \u00e0 ses clients et partenaires de l\u2019Am\u00e9rique du Nord.<\/p>\n<\/div><\/div>\n<\/div><\/div>\n<\/div><\/div>\n\n\n\n<div class=\"wp-block-group alignfull ghostkit-has-frame ghostkit-custom-2wk3w has-white-background-color has-background\"><div class=\"wp-block-group__inner-container is-layout-constrained wp-block-group-is-layout-constrained\">\n<div class=\"alignwide ghostkit-grid ghostkit-grid-gap-no ghostkit-custom-Z25gPEq\"><div class=\"ghostkit-grid-inner\">\n<div class=\"ghostkit-col ghostkit-col-6\"><div class=\"ghostkit-col-content is-layout-flow wp-block-ghostkit-grid-column-is-layout-flow\">\n<h2 class=\"wp-block-heading alignfull ghostkit-custom-1Bjjqn has-gray-900-color has-text-color\" id=\"nos-valeurs\">Nos valeurs<\/h2>\n<\/div><\/div>\n<\/div><\/div>\n\n\n\n<div class=\"alignwide ghostkit-grid ghostkit-grid-gap-md\"><div class=\"ghostkit-grid-inner\">\n<div class=\"ghostkit-col ghostkit-col-lg-12 ghostkit-col-4\"><div class=\"ghostkit-col-content is-layout-flow wp-block-ghostkit-grid-column-is-layout-flow\">\n<h3 id=\"flexibilite\" class=\"wp-block-heading ghostkit-custom-XUCix has-gray-900-color has-text-color\">Flexibilit\u00e9<\/h3>\n\n\n\n<p class=\"lead ghostkit-custom-Z1yP1m has-gray-800-color has-text-color wp-block-paragraph\">Parce que le recrutement n\u2019attend pas, nous r\u00e9pondons rapidement \u00e0 tous vos besoins en tests de comp\u00e9tences. En moins de 24 heures, vous pouvez faire passer vos tests, obtenir les r\u00e9sultats et prendre une d\u00e9cision d\u2019embauche bas\u00e9e sur des faits.<\/p>\n<\/div><\/div>\n\n\n\n<div class=\"ghostkit-col ghostkit-col-lg-12 ghostkit-col-4\"><div class=\"ghostkit-col-content is-layout-flow wp-block-ghostkit-grid-column-is-layout-flow\">\n<h3 id=\"flexibilite\" class=\"wp-block-heading ghostkit-custom-Z2qMWqL has-gray-900-color has-text-color\">Simplicit\u00e9<\/h3>\n\n\n\n<p class=\"lead ghostkit-custom-27ulz5 has-gray-800-color has-text-color wp-block-paragraph\">Parce que votre focus doit rester sur l\u2019embauche, notre plateforme intuitive facile \u00e0 utiliser vous permet de vous connecter en quelques clics et de recevoir vos r\u00e9sultats en temps r\u00e9el. Et les r\u00e9sultats faciles \u00e0 comprendre simplifient vos d\u00e9cisions d\u2019embauche.<\/p>\n<\/div><\/div>\n\n\n\n<div class=\"ghostkit-col ghostkit-col-lg-12 ghostkit-col-4\"><div class=\"ghostkit-col-content is-layout-flow wp-block-ghostkit-grid-column-is-layout-flow\">\n<h3 id=\"flexibilite\" class=\"wp-block-heading ghostkit-custom-Z1D9DRb has-gray-900-color has-text-color\">Expertise<\/h3>\n\n\n\n<p class=\"lead ghostkit-custom-ZmphLk has-gray-800-color has-text-color wp-block-paragraph\">La science des tests, c\u2019est ce qui nous fait vibrer. Nous travaillons avec des sp\u00e9cialistes dans chacune des comp\u00e9tences test\u00e9es afin d\u2019assurer l\u2019exactitude et la fiabilit\u00e9 des tests.<\/p>\n<\/div><\/div>\n<\/div><\/div>\n<\/div><\/div>\n\n\n\n<div class=\"wp-block-group alignfull ghostkit-d-none ghostkit-custom-11k005 has-white-background-color has-background\"><div class=\"wp-block-group__inner-container is-layout-constrained wp-block-group-is-layout-constrained\">\n<div class=\"alignwide ghostkit-grid ghostkit-grid-gap-custom ghostkit-grid-justify-content-center ghostkit-custom-9pu5R\"><div class=\"ghostkit-grid-inner\">\n<div class=\"ghostkit-col ghostkit-col-lg-12 ghostkit-col-8\"><div class=\"ghostkit-col-content is-layout-flow wp-block-ghostkit-grid-column-is-layout-flow\">\n<h2 class=\"wp-block-heading has-text-align-center ghostkit-custom-sfuEb has-gray-900-color has-text-color\" id=\"une-equipe-proactive\">Ils nous font confiance<\/h2>\n<\/div><\/div>\n<\/div><\/div>\n\n\n\n<div class=\"alignwide ghostkit-grid ghostkit-grid-gap-custom ghostkit-grid-justify-content-center ghostkit-custom-Qz0cB\"><div class=\"ghostkit-grid-inner\">\n<div class=\"ghostkit-col ghostkit-col-md-12 ghostkit-col-lg-6 ghostkit-col-3\"><div class=\"ghostkit-col-content is-layout-flow wp-block-ghostkit-grid-column-is-layout-flow\"><div class=\"wp-block-image ghostkit-custom-1B5esM\">\n<figure class=\"aligncenter size-large\"><img data-recalc-dims=\"1\" loading=\"lazy\" decoding=\"async\" width=\"580\" height=\"305\" src=\"https:\/\/i0.wp.com\/zmartests.com\/fr\/wp-content\/uploads\/2023\/05\/cissmo-1024x538.jpg?resize=580%2C305&#038;ssl=1\" alt=\"\" class=\"wp-image-2269\" srcset=\"https:\/\/i0.wp.com\/zmartests.com\/wp-content\/uploads\/2023\/05\/cissmo.jpg?resize=1024%2C538&amp;ssl=1 1024w, https:\/\/i0.wp.com\/zmartests.com\/wp-content\/uploads\/2023\/05\/cissmo.jpg?resize=300%2C158&amp;ssl=1 300w, https:\/\/i0.wp.com\/zmartests.com\/wp-content\/uploads\/2023\/05\/cissmo.jpg?resize=768%2C403&amp;ssl=1 768w, https:\/\/i0.wp.com\/zmartests.com\/wp-content\/uploads\/2023\/05\/cissmo.jpg?w=1200&amp;ssl=1 1200w\" sizes=\"auto, (max-width: 580px) 100vw, 580px\" \/><\/figure>\n<\/div><\/div><\/div>\n\n\n\n<div class=\"ghostkit-col ghostkit-col-md-12 ghostkit-col-lg-6 ghostkit-col-3\"><div class=\"ghostkit-col-content is-layout-flow wp-block-ghostkit-grid-column-is-layout-flow\"><div class=\"wp-block-image ghostkit-custom-Z1ty1q8\">\n<figure class=\"aligncenter size-full\"><img data-recalc-dims=\"1\" loading=\"lazy\" decoding=\"async\" width=\"448\" height=\"230\" src=\"https:\/\/i0.wp.com\/zmartests.com\/fr\/wp-content\/uploads\/2023\/07\/ciusss-csmtl.png?resize=448%2C230&#038;ssl=1\" alt=\"\" class=\"wp-image-3807\" srcset=\"https:\/\/i0.wp.com\/zmartests.com\/wp-content\/uploads\/2023\/07\/ciusss-csmtl.png?w=448&amp;ssl=1 448w, https:\/\/i0.wp.com\/zmartests.com\/wp-content\/uploads\/2023\/07\/ciusss-csmtl.png?resize=300%2C154&amp;ssl=1 300w\" sizes=\"auto, (max-width: 448px) 100vw, 448px\" \/><\/figure>\n<\/div><\/div><\/div>\n\n\n\n<div class=\"ghostkit-col ghostkit-col-md-12 ghostkit-col-lg-6 ghostkit-col-3\"><div class=\"ghostkit-col-content is-layout-flow wp-block-ghostkit-grid-column-is-layout-flow\"><div class=\"wp-block-image ghostkit-custom-8cizb\">\n<figure class=\"aligncenter size-full\"><img data-recalc-dims=\"1\" loading=\"lazy\" decoding=\"async\" width=\"280\" height=\"210\" src=\"https:\/\/i0.wp.com\/zmartests.com\/fr\/wp-content\/uploads\/2023\/04\/zmartets_a-propos_logos.jpeg?resize=280%2C210&#038;ssl=1\" alt=\"\" class=\"wp-image-1635\"\/><\/figure>\n<\/div><\/div><\/div>\n\n\n\n<div class=\"ghostkit-col ghostkit-col-md-12 ghostkit-col-lg-6 ghostkit-col-3\"><div class=\"ghostkit-col-content is-layout-flow wp-block-ghostkit-grid-column-is-layout-flow\"><div class=\"wp-block-image ghostkit-custom-1T6v9t\">\n<figure class=\"aligncenter size-full\"><img data-recalc-dims=\"1\" loading=\"lazy\" decoding=\"async\" width=\"280\" height=\"210\" src=\"https:\/\/i0.wp.com\/zmartests.com\/fr\/wp-content\/uploads\/2023\/04\/zmartets_a-propos_logos.jpeg?resize=280%2C210&#038;ssl=1\" alt=\"\" class=\"wp-image-1635\"\/><\/figure>\n<\/div><\/div><\/div>\n\n\n\n<div class=\"ghostkit-col ghostkit-col-md-12 ghostkit-col-lg-6 ghostkit-col-3\"><div class=\"ghostkit-col-content is-layout-flow wp-block-ghostkit-grid-column-is-layout-flow\"><div class=\"wp-block-image ghostkit-custom-Z15mk8j\">\n<figure class=\"aligncenter size-full\"><img data-recalc-dims=\"1\" loading=\"lazy\" decoding=\"async\" width=\"280\" height=\"210\" src=\"https:\/\/i0.wp.com\/zmartests.com\/fr\/wp-content\/uploads\/2023\/04\/zmartets_a-propos_logos.jpeg?resize=280%2C210&#038;ssl=1\" alt=\"\" class=\"wp-image-1635\"\/><\/figure>\n<\/div><\/div><\/div>\n\n\n\n<div class=\"ghostkit-col ghostkit-col-md-12 ghostkit-col-lg-6 ghostkit-col-3\"><div class=\"ghostkit-col-content is-layout-flow wp-block-ghostkit-grid-column-is-layout-flow\"><div class=\"wp-block-image ghostkit-custom-Z2qdEA0\">\n<figure class=\"aligncenter size-full\"><img data-recalc-dims=\"1\" loading=\"lazy\" decoding=\"async\" width=\"280\" height=\"210\" src=\"https:\/\/i0.wp.com\/zmartests.com\/fr\/wp-content\/uploads\/2023\/04\/zmartets_a-propos_logos.jpeg?resize=280%2C210&#038;ssl=1\" alt=\"\" class=\"wp-image-1635\"\/><\/figure>\n<\/div><\/div><\/div>\n\n\n\n<div class=\"ghostkit-col ghostkit-col-md-12 ghostkit-col-lg-6 ghostkit-col-3\"><div class=\"ghostkit-col-content is-layout-flow wp-block-ghostkit-grid-column-is-layout-flow\"><div class=\"wp-block-image ghostkit-custom-fAdhX\">\n<figure class=\"aligncenter size-full\"><img data-recalc-dims=\"1\" loading=\"lazy\" decoding=\"async\" width=\"280\" height=\"210\" src=\"https:\/\/i0.wp.com\/zmartests.com\/fr\/wp-content\/uploads\/2023\/04\/zmartets_a-propos_logos.jpeg?resize=280%2C210&#038;ssl=1\" alt=\"\" class=\"wp-image-1635\"\/><\/figure>\n<\/div><\/div><\/div>\n\n\n\n<div class=\"ghostkit-col ghostkit-col-md-12 ghostkit-col-lg-6 ghostkit-col-3\"><div class=\"ghostkit-col-content is-layout-flow wp-block-ghostkit-grid-column-is-layout-flow\"><div class=\"wp-block-image ghostkit-custom-ZbBhYW\">\n<figure class=\"aligncenter size-full\"><img data-recalc-dims=\"1\" loading=\"lazy\" decoding=\"async\" width=\"280\" height=\"210\" src=\"https:\/\/i0.wp.com\/zmartests.com\/fr\/wp-content\/uploads\/2023\/04\/zmartets_a-propos_logos.jpeg?resize=280%2C210&#038;ssl=1\" alt=\"\" class=\"wp-image-1635\"\/><\/figure>\n<\/div><\/div><\/div>\n\n\n\n<div class=\"ghostkit-col ghostkit-col-md-12 ghostkit-col-lg-6 ghostkit-col-3\"><div class=\"ghostkit-col-content is-layout-flow wp-block-ghostkit-grid-column-is-layout-flow\"><div class=\"wp-block-image ghostkit-custom-Z8vplX\">\n<figure class=\"aligncenter size-full\"><img data-recalc-dims=\"1\" loading=\"lazy\" decoding=\"async\" width=\"280\" height=\"210\" src=\"https:\/\/i0.wp.com\/zmartests.com\/fr\/wp-content\/uploads\/2023\/04\/zmartets_a-propos_logos.jpeg?resize=280%2C210&#038;ssl=1\" alt=\"\" class=\"wp-image-1635\"\/><\/figure>\n<\/div><\/div><\/div>\n\n\n\n<div class=\"ghostkit-col ghostkit-col-md-12 ghostkit-col-lg-6 ghostkit-col-3\"><div class=\"ghostkit-col-content is-layout-flow wp-block-ghostkit-grid-column-is-layout-flow\"><div class=\"wp-block-image ghostkit-custom-1aQuE7\">\n<figure class=\"aligncenter size-full\"><img data-recalc-dims=\"1\" loading=\"lazy\" decoding=\"async\" width=\"280\" height=\"210\" src=\"https:\/\/i0.wp.com\/zmartests.com\/fr\/wp-content\/uploads\/2023\/04\/zmartets_a-propos_logos.jpeg?resize=280%2C210&#038;ssl=1\" alt=\"\" class=\"wp-image-1635\"\/><\/figure>\n<\/div><\/div><\/div>\n\n\n\n<div class=\"ghostkit-col ghostkit-col-md-12 ghostkit-col-lg-6 ghostkit-col-3\"><div class=\"ghostkit-col-content is-layout-flow wp-block-ghostkit-grid-column-is-layout-flow\"><div class=\"wp-block-image ghostkit-custom-20VI5G\">\n<figure class=\"aligncenter size-full\"><img data-recalc-dims=\"1\" loading=\"lazy\" decoding=\"async\" width=\"280\" height=\"210\" src=\"https:\/\/i0.wp.com\/zmartests.com\/fr\/wp-content\/uploads\/2023\/04\/zmartets_a-propos_logos.jpeg?resize=280%2C210&#038;ssl=1\" alt=\"\" class=\"wp-image-1635\"\/><\/figure>\n<\/div><\/div><\/div>\n\n\n\n<div class=\"ghostkit-col ghostkit-col-md-12 ghostkit-col-lg-6 ghostkit-col-3\"><div class=\"ghostkit-col-content is-layout-flow wp-block-ghostkit-grid-column-is-layout-flow\"><div class=\"wp-block-image ghostkit-custom-1qsNYk\">\n<figure class=\"aligncenter size-full\"><img data-recalc-dims=\"1\" loading=\"lazy\" decoding=\"async\" width=\"280\" height=\"210\" src=\"https:\/\/i0.wp.com\/zmartests.com\/fr\/wp-content\/uploads\/2023\/04\/zmartets_a-propos_logos.jpeg?resize=280%2C210&#038;ssl=1\" alt=\"\" class=\"wp-image-1635\"\/><\/figure>\n<\/div><\/div><\/div>\n<\/div><\/div>\n<\/div><\/div>\n\n\n\n<div class=\"wp-block-group alignfull ghostkit-has-frame ghostkit-custom-YoIJ1 has-white-background-color has-background\"><div class=\"wp-block-group__inner-container is-layout-constrained wp-block-group-is-layout-constrained\">\n<div class=\"wp-block-cover alignfull is-light inscription-cta ghostkit-custom-xcAbd ek-linked-block\"><span aria-hidden=\"true\" class=\"wp-block-cover__background has-white-background-color has-background-dim\"><\/span><div class=\"wp-block-cover__inner-container is-layout-flow wp-block-cover-is-layout-flow\">\n<div class=\"alignwide ghostkit-grid ghostkit-grid-gap-no ghostkit-grid-justify-content-center ghostkit-custom-ZqfWch\"><div class=\"ghostkit-grid-inner\">\n<div class=\"ghostkit-col ghostkit-col-md-12 ghostkit-col-6 ghostkit-col-align-self-center\"><div class=\"ghostkit-col-content is-layout-flow wp-block-ghostkit-grid-column-is-layout-flow\">\n<h2 class=\"wp-block-heading has-text-align-center md:text-left ghostkit-custom-28Go7Y\" id=\"commencez-vous-aussi-a-simplifier-votre-embauche\">Commencez vous aussi \u00e0 <mark style=\"background-color:rgba(0, 0, 0, 0)\" class=\"has-inline-color has-primary-500-color\">simplifier<\/mark> votre embauche<\/h2>\n\n\n\n<p class=\"has-text-align-center lead md:text-left has-gray-800-color has-text-color ghostkit-custom-19HsLK wp-block-paragraph\">Inscrivez-vous d\u00e8s maintenant afin d&#8217;assurer un processus d&#8217;\u00e9valuation simple et efficace<\/p>\n<\/div><\/div>\n\n\n\n<div class=\"ghostkit-col ghostkit-col-md ghostkit-col-3 is-layout-flow wp-block-ghostkit-grid-column-is-layout-flow\"><div class=\"ghostkit-col-content\"><\/div><\/div>\n\n\n\n<div class=\"ghostkit-col ghostkit-col-3 ghostkit-col-align-self-center\"><div class=\"ghostkit-col-content is-layout-flow wp-block-ghostkit-grid-column-is-layout-flow\"><div class=\"wp-block-image ghostkit-custom-ZR68uH\">\n<figure class=\"aligncenter size-full\"><img data-recalc-dims=\"1\" loading=\"lazy\" decoding=\"async\" width=\"200\" height=\"200\" src=\"https:\/\/i0.wp.com\/zmartests.com\/fr\/wp-content\/uploads\/2023\/04\/cta_arrow.png?resize=200%2C200&#038;ssl=1\" alt=\"\" class=\"wp-image-370\" srcset=\"https:\/\/i0.wp.com\/zmartests.com\/wp-content\/uploads\/2023\/04\/cta_arrow.png?w=200&amp;ssl=1 200w, https:\/\/i0.wp.com\/zmartests.com\/wp-content\/uploads\/2023\/04\/cta_arrow.png?resize=150%2C150&amp;ssl=1 150w\" sizes=\"auto, (max-width: 200px) 100vw, 200px\" \/><\/figure>\n<\/div><\/div><\/div>\n<\/div><\/div>\n<\/div><a href=\"https:\/\/zmartests.com\/fr\/forfait\/\" class=\"editorskit-block-link\" rel=\"\"><\/a><\/div>\n<\/div><\/div>\n","protected":false},"excerpt":{"rendered":"<p>\u00c0 propos de Zmartests Notre mission : Faire fi du hasard et am\u00e9liorer vos d\u00e9cisions d\u2019embauche. Chez Zmartests, nous avons pour mission de rendre l&#8217;\u00e9valuation des comp\u00e9tences techniques accessibles aux organisations de tous les secteurs et de toutes les tailles, gr\u00e2ce \u00e0 l&#8217;utilisation de technologies innovantes. Cette mission, c\u2019est Johanne Dumas, fondatrice de Zmartests qui [&hellip;]<\/p>\n","protected":false},"author":10,"featured_media":0,"parent":0,"menu_order":0,"comment_status":"closed","ping_status":"closed","template":"","meta":{"_acf_changed":false,"_editorskit_title_hidden":false,"_editorskit_reading_time":0,"_editorskit_is_block_options_detached":false,"_editorskit_block_options_position":"{}","_crdt_document":"","content-type":"","inline_featured_image":false,"ghostkit_customizer_options":"","ghostkit_custom_css":"","ghostkit_custom_js_head":"","ghostkit_custom_js_foot":"","ghostkit_typography":"","footnotes":""},"class_list":["post-1567","page","type-page","status-publish","hentry"],"acf":[],"yoast_head":"<title>\u00c0 propos | Zmartests<\/title>\n<meta name=\"description\" content=\"D\u00e9couvrez l\u2019histoire, la mission et les valeurs de Zmartests. Une innovation qui permet de r\u00e9aliser des tests Excel, Word et d\u2019autres tests de fa\u00e7on virtuelle avec r\u00e9sultat imm\u00e9diat.\" \/>\n<meta name=\"robots\" content=\"index, follow, max-snippet:-1, max-image-preview:large, max-video-preview:-1\" \/>\n<link rel=\"canonical\" href=\"https:\/\/zmartests.com\/fr\/a-propos\/\" \/>\n<meta property=\"og:type\" content=\"article\" \/>\n<meta property=\"og:title\" content=\"\u00c0 propos | Zmartests\" \/>\n<meta property=\"og:description\" content=\"D\u00e9couvrez l\u2019histoire, la mission et les valeurs de Zmartests. Une innovation qui permet de r\u00e9aliser des tests Excel, Word et d\u2019autres tests de fa\u00e7on virtuelle avec r\u00e9sultat imm\u00e9diat.\" \/>\n<meta property=\"og:url\" content=\"https:\/\/zmartests.com\/fr\/a-propos\/\" \/>\n<meta property=\"og:site_name\" content=\"Zmartests\" \/>\n<meta property=\"article:publisher\" content=\"https:\/\/www.facebook.com\/zmartests\/\" \/>\n<meta property=\"article:modified_time\" content=\"2026-03-23T16:50:49+00:00\" \/>\n<meta property=\"og:image\" content=\"https:\/\/zmartests.com\/fr\/wp-content\/uploads\/2023\/05\/cissmo-1024x538.jpg\" \/>\n<meta name=\"twitter:card\" content=\"summary_large_image\" \/>\n<meta name=\"twitter:label1\" content=\"Estimation du temps de lecture\" \/>\n\t<meta name=\"twitter:data1\" content=\"5 minutes\" \/>","yoast_head_json":{"title":"\u00c0 propos | Zmartests","description":"D\u00e9couvrez l\u2019histoire, la mission et les valeurs de Zmartests. Une innovation qui permet de r\u00e9aliser des tests Excel, Word et d\u2019autres tests de fa\u00e7on virtuelle avec r\u00e9sultat imm\u00e9diat.","robots":{"index":"index","follow":"follow","max-snippet":"max-snippet:-1","max-image-preview":"max-image-preview:large","max-video-preview":"max-video-preview:-1"},"canonical":"https:\/\/zmartests.com\/fr\/a-propos\/","og_type":"article","og_title":"\u00c0 propos | Zmartests","og_description":"D\u00e9couvrez l\u2019histoire, la mission et les valeurs de Zmartests. Une innovation qui permet de r\u00e9aliser des tests Excel, Word et d\u2019autres tests de fa\u00e7on virtuelle avec r\u00e9sultat imm\u00e9diat.","og_url":"https:\/\/zmartests.com\/fr\/a-propos\/","og_site_name":"Zmartests","article_publisher":"https:\/\/www.facebook.com\/zmartests\/","article_modified_time":"2026-03-23T16:50:49+00:00","og_image":[{"url":"https:\/\/zmartests.com\/fr\/wp-content\/uploads\/2023\/05\/cissmo-1024x538.jpg","type":"","width":"","height":""}],"twitter_card":"summary_large_image","twitter_misc":{"Estimation du temps de lecture":"5 minutes"},"schema":{"@context":"https:\/\/schema.org","@graph":[{"@type":"WebPage","@id":"https:\/\/zmartests.com\/fr\/a-propos\/","url":"https:\/\/zmartests.com\/fr\/a-propos\/","name":"\u00c0 propos | Zmartests","isPartOf":{"@id":"https:\/\/zmartests.com\/fr\/en\/#website"},"primaryImageOfPage":{"@id":"https:\/\/zmartests.com\/fr\/a-propos\/#primaryimage"},"image":{"@id":"https:\/\/zmartests.com\/fr\/a-propos\/#primaryimage"},"thumbnailUrl":"https:\/\/zmartests.com\/fr\/wp-content\/uploads\/2023\/05\/cissmo-1024x538.jpg","datePublished":"2023-04-24T13:25:02+00:00","dateModified":"2026-03-23T16:50:49+00:00","description":"D\u00e9couvrez l\u2019histoire, la mission et les valeurs de Zmartests. Une innovation qui permet de r\u00e9aliser des tests Excel, Word et d\u2019autres tests de fa\u00e7on virtuelle avec r\u00e9sultat imm\u00e9diat.","breadcrumb":{"@id":"https:\/\/zmartests.com\/fr\/a-propos\/#breadcrumb"},"inLanguage":"fr-CA","potentialAction":[{"@type":"ReadAction","target":["https:\/\/zmartests.com\/fr\/a-propos\/"]}]},{"@type":"ImageObject","inLanguage":"fr-CA","@id":"https:\/\/zmartests.com\/fr\/a-propos\/#primaryimage","url":"https:\/\/zmartests.com\/fr\/wp-content\/uploads\/2023\/05\/cissmo-1024x538.jpg","contentUrl":"https:\/\/zmartests.com\/fr\/wp-content\/uploads\/2023\/05\/cissmo-1024x538.jpg"},{"@type":"BreadcrumbList","@id":"https:\/\/zmartests.com\/fr\/a-propos\/#breadcrumb","itemListElement":[{"@type":"ListItem","position":1,"name":"Home","item":"https:\/\/zmartests.com\/fr\/"},{"@type":"ListItem","position":2,"name":"\u00c0 propos"}]},{"@type":"WebSite","@id":"https:\/\/zmartests.com\/fr\/en\/#website","url":"https:\/\/zmartests.com\/fr\/en\/","name":"Zmartests","description":"","publisher":{"@id":"https:\/\/zmartests.com\/fr\/en\/#organization"},"potentialAction":[{"@type":"SearchAction","target":{"@type":"EntryPoint","urlTemplate":"https:\/\/zmartests.com\/fr\/en\/?s={search_term_string}"},"query-input":{"@type":"PropertyValueSpecification","valueRequired":true,"valueName":"search_term_string"}}],"inLanguage":"fr-CA"},{"@type":"Organization","@id":"https:\/\/zmartests.com\/fr\/en\/#organization","name":"Zmartests","url":"https:\/\/zmartests.com\/fr\/en\/","logo":{"@type":"ImageObject","inLanguage":"fr-CA","@id":"https:\/\/zmartests.com\/fr\/en\/#\/schema\/logo\/image\/","url":"https:\/\/zmartests.com\/wp-content\/uploads\/2023\/06\/zmartests_logo_svg.svg","contentUrl":"https:\/\/zmartests.com\/wp-content\/uploads\/2023\/06\/zmartests_logo_svg.svg","width":216,"height":53,"caption":"Zmartests"},"image":{"@id":"https:\/\/zmartests.com\/fr\/en\/#\/schema\/logo\/image\/"},"sameAs":["https:\/\/www.facebook.com\/zmartests\/","https:\/\/www.linkedin.com\/company\/zmartests\/"]}]}},"jetpack_shortlink":"https:\/\/wp.me\/Pg8ImK-ph","_links":{"self":[{"href":"https:\/\/zmartests.com\/fr\/wp-json\/wp\/v2\/pages\/1567","targetHints":{"allow":["GET"]}}],"collection":[{"href":"https:\/\/zmartests.com\/fr\/wp-json\/wp\/v2\/pages"}],"about":[{"href":"https:\/\/zmartests.com\/fr\/wp-json\/wp\/v2\/types\/page"}],"author":[{"embeddable":true,"href":"https:\/\/zmartests.com\/fr\/wp-json\/wp\/v2\/users\/10"}],"replies":[{"embeddable":true,"href":"https:\/\/zmartests.com\/fr\/wp-json\/wp\/v2\/comments?post=1567"}],"version-history":[{"count":99,"href":"https:\/\/zmartests.com\/fr\/wp-json\/wp\/v2\/pages\/1567\/revisions"}],"predecessor-version":[{"id":8160,"href":"https:\/\/zmartests.com\/fr\/wp-json\/wp\/v2\/pages\/1567\/revisions\/8160"}],"wp:attachment":[{"href":"https:\/\/zmartests.com\/fr\/wp-json\/wp\/v2\/media?parent=1567"}],"curies":[{"name":"wp","href":"https:\/\/api.w.org\/{rel}","templated":true}]}}